{"id":1068,"date":"2021-02-22T22:23:54","date_gmt":"2021-02-22T22:23:54","guid":{"rendered":"http:\/\/latinos-elpaisqueconstruimos.com\/?page_id=1068"},"modified":"2021-08-19T23:47:15","modified_gmt":"2021-08-19T23:47:15","slug":"quienes-somos","status":"publish","type":"page","link":"https:\/\/latinos-elpaisqueconstruimos.com\/en\/quienes-somos\/","title":{"rendered":"ABOUT US"},"content":{"rendered":"<div data-elementor-type=\"wp-page\" data-elementor-id=\"1068\" class=\"elementor elementor-1068\" data-elementor-settings=\"[]\">\n\t\t\t\t\t\t<div class=\"elementor-inner\">\n\t\t\t\t\t\t\t<div class=\"elementor-section-wrap\">\n\t\t\t\t\t\t\t<section class=\"elementor-section elementor-top-section elementor-element elementor-element-7e1e5c05 elementor-section-boxed elementor-section-height-default elementor-section-height-default\" data-id=\"7e1e5c05\" data-element_type=\"section\">\n\t\t\t\t\t\t<div class=\"elementor-container elementor-column-gap-no\">\n\t\t\t\t\t\t\t<div class=\"elementor-row\">\n\t\t\t\t\t<div class=\"elementor-column elementor-col-50 elementor-top-column elementor-element elementor-element-f309a91\" data-id=\"f309a91\" data-element_type=\"column\">\n\t\t\t<div class=\"elementor-column-wrap elementor-element-populated\">\n\t\t\t\t\t\t\t<div class=\"elementor-widget-wrap\">\n\t\t\t\t\t\t<div class=\"elementor-element elementor-element-d4433cf elementor-widget elementor-widget-image\" data-id=\"d4433cf\" data-element_type=\"widget\" data-widget_type=\"image.default\">\n\t\t\t\t<div class=\"elementor-widget-container\">\n\t\t\t\t\t<div class=\"elementor-image\">\n\t\t\t\t\t\t\t\t\t\t<img width=\"1978\" height=\"2560\" src=\"https:\/\/latinos-elpaisqueconstruimos.com\/wp-content\/uploads\/2021\/02\/0002-scaled.jpg\" class=\"attachment-full size-full\" alt=\"\" loading=\"lazy\" srcset=\"https:\/\/latinos-elpaisqueconstruimos.com\/wp-content\/uploads\/2021\/02\/0002-scaled.jpg 1978w, https:\/\/latinos-elpaisqueconstruimos.com\/wp-content\/uploads\/2021\/02\/0002-232x300.jpg 232w\" sizes=\"(max-width: 1978px) 100vw, 1978px\" \/>\t\t\t\t\t\t\t\t\t\t\t<\/div>\n\t\t\t\t<\/div>\n\t\t\t\t<\/div>\n\t\t\t\t\t\t<\/div>\n\t\t\t\t\t<\/div>\n\t\t<\/div>\n\t\t\t\t<div class=\"elementor-column elementor-col-50 elementor-top-column elementor-element elementor-element-3517358f\" data-id=\"3517358f\" data-element_type=\"column\" data-settings=\"{&quot;background_background&quot;:&quot;classic&quot;}\">\n\t\t\t<div class=\"elementor-column-wrap elementor-element-populated\">\n\t\t\t\t\t\t\t<div class=\"elementor-widget-wrap\">\n\t\t\t\t\t\t<div class=\"elementor-element elementor-element-4576461a elementor-widget elementor-widget-heading\" data-id=\"4576461a\" data-element_type=\"widget\" data-widget_type=\"heading.default\">\n\t\t\t\t<div class=\"elementor-widget-container\">\n\t\t\t<h2 class=\"elementor-heading-title elementor-size-large\">ABOUT US<\/h2>\t\t<\/div>\n\t\t\t\t<\/div>\n\t\t\t\t<section class=\"elementor-section elementor-inner-section elementor-element elementor-element-7fbfc824 elementor-reverse-mobile elementor-section-boxed elementor-section-height-default elementor-section-height-default\" data-id=\"7fbfc824\" data-element_type=\"section\">\n\t\t\t\t\t\t<div class=\"elementor-container elementor-column-gap-default\">\n\t\t\t\t\t\t\t<div class=\"elementor-row\">\n\t\t\t\t\t<div class=\"elementor-column elementor-col-100 elementor-inner-column elementor-element elementor-element-b9968a1\" data-id=\"b9968a1\" data-element_type=\"column\" data-settings=\"{&quot;background_background&quot;:&quot;classic&quot;}\">\n\t\t\t<div class=\"elementor-column-wrap elementor-element-populated\">\n\t\t\t\t\t\t\t<div class=\"elementor-widget-wrap\">\n\t\t\t\t\t\t<div class=\"elementor-element elementor-element-50be1b3f elementor-widget elementor-widget-text-editor\" data-id=\"50be1b3f\" data-element_type=\"widget\" data-widget_type=\"text-editor.default\">\n\t\t\t\t<div class=\"elementor-widget-container\">\n\t\t\t\t\t<div class=\"elementor-text-editor elementor-clearfix\"><p>Somos un medio de comunicaci\u00f3n independiente que a trav\u00e9s del periodismo ciudadano tiene como fin presentar la noticia desde distintas perspectivas, amparadas bajo una visi\u00f3n colectiva basada en los principios de diversidad e inclusi\u00f3n de todos los sectores de la sociedad latina.<br><\/p><\/div>\n\t\t\t\t<\/div>\n\t\t\t\t<\/div>\n\t\t\t\t\t\t<\/div>\n\t\t\t\t\t<\/div>\n\t\t<\/div>\n\t\t\t\t\t\t\t\t<\/div>\n\t\t\t\t\t<\/div>\n\t\t<\/section>\n\t\t\t\t\t\t<\/div>\n\t\t\t\t\t<\/div>\n\t\t<\/div>\n\t\t\t\t\t\t\t\t<\/div>\n\t\t\t\t\t<\/div>\n\t\t<\/section>\n\t\t\t\t<section class=\"elementor-section elementor-top-section elementor-element elementor-element-acd205d elementor-section-boxed elementor-section-height-default elementor-section-height-default\" data-id=\"acd205d\" data-element_type=\"section\">\n\t\t\t\t\t\t<div class=\"elementor-container elementor-column-gap-default\">\n\t\t\t\t\t\t\t<div class=\"elementor-row\">\n\t\t\t\t\t<div class=\"elementor-column elementor-col-100 elementor-top-column elementor-element elementor-element-00543f1\" data-id=\"00543f1\" data-element_type=\"column\">\n\t\t\t<div class=\"elementor-column-wrap elementor-element-populated\">\n\t\t\t\t\t\t\t<div class=\"elementor-widget-wrap\">\n\t\t\t\t\t\t<div class=\"elementor-element elementor-element-8f321c4 elementor-widget elementor-widget-image\" data-id=\"8f321c4\" data-element_type=\"widget\" data-widget_type=\"image.default\">\n\t\t\t\t<div class=\"elementor-widget-container\">\n\t\t\t\t\t<div class=\"elementor-image\">\n\t\t\t\t\t\t\t\t\t\t<img width=\"1475\" height=\"1536\" src=\"https:\/\/latinos-elpaisqueconstruimos.com\/wp-content\/uploads\/2021\/08\/carta-1475x1536.jpg\" class=\"attachment-1536x1536 size-1536x1536\" alt=\"\" loading=\"lazy\" srcset=\"https:\/\/latinos-elpaisqueconstruimos.com\/wp-content\/uploads\/2021\/08\/carta-1475x1536.jpg 1475w, https:\/\/latinos-elpaisqueconstruimos.com\/wp-content\/uploads\/2021\/08\/carta-288x300.jpg 288w, https:\/\/latinos-elpaisqueconstruimos.com\/wp-content\/uploads\/2021\/08\/carta-984x1024.jpg 984w, https:\/\/latinos-elpaisqueconstruimos.com\/wp-content\/uploads\/2021\/08\/carta-768x800.jpg 768w, https:\/\/latinos-elpaisqueconstruimos.com\/wp-content\/uploads\/2021\/08\/carta-1967x2048.jpg 1967w\" sizes=\"(max-width: 1475px) 100vw, 1475px\" \/>\t\t\t\t\t\t\t\t\t\t\t<\/div>\n\t\t\t\t<\/div>\n\t\t\t\t<\/div>\n\t\t\t\t\t\t<\/div>\n\t\t\t\t\t<\/div>\n\t\t<\/div>\n\t\t\t\t\t\t\t\t<\/div>\n\t\t\t\t\t<\/div>\n\t\t<\/section>\n\t\t\t\t\t\t<\/div>\n\t\t\t\t\t\t<\/div>\n\t\t\t\t\t<\/div>","protected":false},"excerpt":{"rendered":"<p>QUIENES SOMOS Somos un medio de comunicaci\u00f3n independiente que a trav\u00e9s del periodismo ciudadano tiene como fin presentar la noticia desde distintas perspectivas, amparadas bajo una visi\u00f3n colectiva basada en los principios de diversidad e inclusi\u00f3n de todos los sectores de la sociedad latina.<\/p>","protected":false},"author":1,"featured_media":683,"parent":0,"menu_order":0,"comment_status":"closed","ping_status":"closed","template":"elementor_header_footer","meta":[],"_links":{"self":[{"href":"https:\/\/latinos-elpaisqueconstruimos.com\/en\/wp-json\/wp\/v2\/pages\/1068"}],"collection":[{"href":"https:\/\/latinos-elpaisqueconstruimos.com\/en\/wp-json\/wp\/v2\/pages"}],"about":[{"href":"https:\/\/latinos-elpaisqueconstruimos.com\/en\/wp-json\/wp\/v2\/types\/page"}],"author":[{"embeddable":true,"href":"https:\/\/latinos-elpaisqueconstruimos.com\/en\/wp-json\/wp\/v2\/users\/1"}],"replies":[{"embeddable":true,"href":"https:\/\/latinos-elpaisqueconstruimos.com\/en\/wp-json\/wp\/v2\/comments?post=1068"}],"version-history":[{"count":14,"href":"https:\/\/latinos-elpaisqueconstruimos.com\/en\/wp-json\/wp\/v2\/pages\/1068\/revisions"}],"predecessor-version":[{"id":3203,"href":"https:\/\/latinos-elpaisqueconstruimos.com\/en\/wp-json\/wp\/v2\/pages\/1068\/revisions\/3203"}],"wp:featuredmedia":[{"embeddable":true,"href":"https:\/\/latinos-elpaisqueconstruimos.com\/en\/wp-json\/wp\/v2\/media\/683"}],"wp:attachment":[{"href":"https:\/\/latinos-elpaisqueconstruimos.com\/en\/wp-json\/wp\/v2\/media?parent=1068"}],"curies":[{"name":"wp","href":"https:\/\/api.w.org\/{rel}","templated":true}]}}