{"id":447,"date":"2021-02-10T23:58:21","date_gmt":"2021-02-10T23:58:21","guid":{"rendered":"http:\/\/latinos-elpaisqueconstruimos.com\/?page_id=447"},"modified":"2021-05-24T17:58:23","modified_gmt":"2021-05-24T17:58:23","slug":"videos","status":"publish","type":"page","link":"https:\/\/latinos-elpaisqueconstruimos.com\/en\/videos\/","title":{"rendered":"VIDEOS"},"content":{"rendered":"<div data-elementor-type=\"wp-page\" data-elementor-id=\"447\" class=\"elementor elementor-447\" data-elementor-settings=\"[]\">\n\t\t\t\t\t\t<div class=\"elementor-inner\">\n\t\t\t\t\t\t\t<div class=\"elementor-section-wrap\">\n\t\t\t\t\t\t\t<section class=\"elementor-section elementor-top-section elementor-element elementor-element-62cbf24c elementor-section-boxed elementor-section-height-default elementor-section-height-default\" data-id=\"62cbf24c\" data-element_type=\"section\">\n\t\t\t\t\t\t<div class=\"elementor-container elementor-column-gap-default\">\n\t\t\t\t\t\t\t<div class=\"elementor-row\">\n\t\t\t\t\t<div class=\"elementor-column elementor-col-100 elementor-top-column elementor-element elementor-element-9f8d712\" data-id=\"9f8d712\" data-element_type=\"column\">\n\t\t\t<div class=\"elementor-column-wrap elementor-element-populated\">\n\t\t\t\t\t\t\t<div class=\"elementor-widget-wrap\">\n\t\t\t\t\t\t<div class=\"elementor-element elementor-element-39b2749e elementor-grid-tablet-3 elementor-grid-3 elementor-grid-mobile-1 elementor-posts--thumbnail-top elementor-widget elementor-widget-posts\" data-id=\"39b2749e\" data-element_type=\"widget\" data-settings=\"{&quot;classic_columns_tablet&quot;:&quot;3&quot;,&quot;classic_row_gap&quot;:{&quot;unit&quot;:&quot;px&quot;,&quot;size&quot;:14,&quot;sizes&quot;:[]},&quot;classic_columns&quot;:&quot;3&quot;,&quot;classic_columns_mobile&quot;:&quot;1&quot;}\" data-widget_type=\"posts.classic\">\n\t\t\t\t<div class=\"elementor-widget-container\">\n\t\t\t\t\t<div class=\"elementor-posts-container elementor-posts elementor-posts--skin-classic elementor-grid\">\r\n\t\t\t\t<article class=\"elementor-post elementor-grid-item post-4488 post type-post status-publish format-standard has-post-thumbnail hentry category-videos-destacados category-videos-galeria\">\r\n\t\t\t\t<a class=\"elementor-post__thumbnail__link\" href=\"https:\/\/latinos-elpaisqueconstruimos.com\/en\/bonus-bez-depozytu-icecasino\/\" >\r\n\t\t\t<div class=\"elementor-post__thumbnail\"><img width=\"300\" height=\"168\" src=\"https:\/\/latinos-elpaisqueconstruimos.com\/wp-content\/uploads\/2022\/05\/DESFILE-300x168.jpg\" class=\"attachment-medium size-medium\" alt=\"\" loading=\"lazy\" srcset=\"https:\/\/latinos-elpaisqueconstruimos.com\/wp-content\/uploads\/2022\/05\/DESFILE-300x168.jpg 300w, https:\/\/latinos-elpaisqueconstruimos.com\/wp-content\/uploads\/2022\/05\/DESFILE-1024x574.jpg 1024w, https:\/\/latinos-elpaisqueconstruimos.com\/wp-content\/uploads\/2022\/05\/DESFILE-768x430.jpg 768w, https:\/\/latinos-elpaisqueconstruimos.com\/wp-content\/uploads\/2022\/05\/DESFILE-18x10.jpg 18w, https:\/\/latinos-elpaisqueconstruimos.com\/wp-content\/uploads\/2022\/05\/DESFILE.jpg 1274w\" sizes=\"(max-width: 300px) 100vw, 300px\" \/><\/div>\r\n\t\t<\/a>\r\n\t\t\t\t<div class=\"elementor-post__text\">\r\n\t\t\t\t<h3 class=\"elementor-post__title\">\r\n\t\t\t<a href=\"https:\/\/latinos-elpaisqueconstruimos.com\/en\/bonus-bez-depozytu-icecasino\/\" >\r\n\t\t\t\tJueza bloquea decreto Trump sobre ciudadan\u00eda por nacimiento\t\t\t<\/a>\r\n\t\t<\/h3>\r\n\t\t\t\t\t<a class=\"elementor-post__read-more\" href=\"https:\/\/latinos-elpaisqueconstruimos.com\/en\/bonus-bez-depozytu-icecasino\/\" >\r\n\t\t\t\tWatch video \"\t\t\t<\/a>\r\n\t\t\t\t<\/div>\r\n\t\t\t\t<\/article>\r\n\t\t\t\t<article class=\"elementor-post elementor-grid-item post-4460 post type-post status-publish format-standard has-post-thumbnail hentry category-videos-destacados category-videos-galeria\">\r\n\t\t\t\t<a class=\"elementor-post__thumbnail__link\" href=\"https:\/\/latinos-elpaisqueconstruimos.com\/en\/all-right-casino-opinie-170-darmowych-spinow-i\/\" >\r\n\t\t\t<div class=\"elementor-post__thumbnail\"><img width=\"300\" height=\"168\" src=\"https:\/\/latinos-elpaisqueconstruimos.com\/wp-content\/uploads\/2022\/05\/OEAA-1-300x168.jpg\" class=\"attachment-medium size-medium\" alt=\"\" loading=\"lazy\" srcset=\"https:\/\/latinos-elpaisqueconstruimos.com\/wp-content\/uploads\/2022\/05\/OEAA-1-300x168.jpg 300w, https:\/\/latinos-elpaisqueconstruimos.com\/wp-content\/uploads\/2022\/05\/OEAA-1-1024x574.jpg 1024w, https:\/\/latinos-elpaisqueconstruimos.com\/wp-content\/uploads\/2022\/05\/OEAA-1-768x430.jpg 768w, https:\/\/latinos-elpaisqueconstruimos.com\/wp-content\/uploads\/2022\/05\/OEAA-1-18x10.jpg 18w, https:\/\/latinos-elpaisqueconstruimos.com\/wp-content\/uploads\/2022\/05\/OEAA-1.jpg 1274w\" sizes=\"(max-width: 300px) 100vw, 300px\" \/><\/div>\r\n\t\t<\/a>\r\n\t\t\t\t<div class=\"elementor-post__text\">\r\n\t\t\t\t<h3 class=\"elementor-post__title\">\r\n\t\t\t<a href=\"https:\/\/latinos-elpaisqueconstruimos.com\/en\/all-right-casino-opinie-170-darmowych-spinow-i\/\" >\r\n\t\t\t\tEEUU deja agencias de ONU y Consejo Permanente Derechos Humanos\t\t\t<\/a>\r\n\t\t<\/h3>\r\n\t\t\t\t\t<a class=\"elementor-post__read-more\" href=\"https:\/\/latinos-elpaisqueconstruimos.com\/en\/all-right-casino-opinie-170-darmowych-spinow-i\/\" >\r\n\t\t\t\tWatch video \"\t\t\t<\/a>\r\n\t\t\t\t<\/div>\r\n\t\t\t\t<\/article>\r\n\t\t\t\t<article class=\"elementor-post elementor-grid-item post-4448 post type-post status-publish format-standard has-post-thumbnail hentry category-videos-destacados category-videos-galeria\">\r\n\t\t\t\t<a class=\"elementor-post__thumbnail__link\" href=\"https:\/\/latinos-elpaisqueconstruimos.com\/en\/n1-casino-bonus-bez-depozytu\/\" >\r\n\t\t\t<div class=\"elementor-post__thumbnail\"><img width=\"300\" height=\"168\" src=\"https:\/\/latinos-elpaisqueconstruimos.com\/wp-content\/uploads\/2022\/05\/TRUMP-1-300x168.jpg\" class=\"attachment-medium size-medium\" alt=\"\" loading=\"lazy\" srcset=\"https:\/\/latinos-elpaisqueconstruimos.com\/wp-content\/uploads\/2022\/05\/TRUMP-1-300x168.jpg 300w, https:\/\/latinos-elpaisqueconstruimos.com\/wp-content\/uploads\/2022\/05\/TRUMP-1-1024x573.jpg 1024w, https:\/\/latinos-elpaisqueconstruimos.com\/wp-content\/uploads\/2022\/05\/TRUMP-1-768x430.jpg 768w, https:\/\/latinos-elpaisqueconstruimos.com\/wp-content\/uploads\/2022\/05\/TRUMP-1-18x10.jpg 18w, https:\/\/latinos-elpaisqueconstruimos.com\/wp-content\/uploads\/2022\/05\/TRUMP-1.jpg 1276w\" sizes=\"(max-width: 300px) 100vw, 300px\" \/><\/div>\r\n\t\t<\/a>\r\n\t\t\t\t<div class=\"elementor-post__text\">\r\n\t\t\t\t<h3 class=\"elementor-post__title\">\r\n\t\t\t<a href=\"https:\/\/latinos-elpaisqueconstruimos.com\/en\/n1-casino-bonus-bez-depozytu\/\" >\r\n\t\t\t\tChina se mueve contra EEUU, aranceles\t\t\t<\/a>\r\n\t\t<\/h3>\r\n\t\t\t\t\t<a class=\"elementor-post__read-more\" href=\"https:\/\/latinos-elpaisqueconstruimos.com\/en\/n1-casino-bonus-bez-depozytu\/\" >\r\n\t\t\t\tWatch video \"\t\t\t<\/a>\r\n\t\t\t\t<\/div>\r\n\t\t\t\t<\/article>\r\n\t\t\t\t<article class=\"elementor-post elementor-grid-item post-4446 post type-post status-publish format-standard has-post-thumbnail hentry category-videos-destacados category-videos-galeria tag-almaq-ucun tag-etmk-ucun tag-etmy-imkan tag-imkan-verir tag-onlardan-biri tag-oyuncular-ucun\">\r\n\t\t\t\t<a class=\"elementor-post__thumbnail__link\" href=\"https:\/\/latinos-elpaisqueconstruimos.com\/en\/rsmi-pin-up-casino-sayt-809\/\" >\r\n\t\t\t<div class=\"elementor-post__thumbnail\"><img width=\"300\" height=\"168\" src=\"https:\/\/latinos-elpaisqueconstruimos.com\/wp-content\/uploads\/2022\/05\/VIDA-SENIOR-CENTERS-1-300x168.jpg\" class=\"attachment-medium size-medium\" alt=\"\" loading=\"lazy\" srcset=\"https:\/\/latinos-elpaisqueconstruimos.com\/wp-content\/uploads\/2022\/05\/VIDA-SENIOR-CENTERS-1-300x168.jpg 300w, https:\/\/latinos-elpaisqueconstruimos.com\/wp-content\/uploads\/2022\/05\/VIDA-SENIOR-CENTERS-1-1024x572.jpg 1024w, https:\/\/latinos-elpaisqueconstruimos.com\/wp-content\/uploads\/2022\/05\/VIDA-SENIOR-CENTERS-1-768x429.jpg 768w, https:\/\/latinos-elpaisqueconstruimos.com\/wp-content\/uploads\/2022\/05\/VIDA-SENIOR-CENTERS-1-18x10.jpg 18w, https:\/\/latinos-elpaisqueconstruimos.com\/wp-content\/uploads\/2022\/05\/VIDA-SENIOR-CENTERS-1.jpg 1278w\" sizes=\"(max-width: 300px) 100vw, 300px\" \/><\/div>\r\n\t\t<\/a>\r\n\t\t\t\t<div class=\"elementor-post__text\">\r\n\t\t\t\t<h3 class=\"elementor-post__title\">\r\n\t\t\t<a href=\"https:\/\/latinos-elpaisqueconstruimos.com\/en\/rsmi-pin-up-casino-sayt-809\/\" >\r\n\t\t\t\tEEUU: Nicaragua, Venezuela y Cuba responsables de crisis migratoria\t\t\t<\/a>\r\n\t\t<\/h3>\r\n\t\t\t\t\t<a class=\"elementor-post__read-more\" href=\"https:\/\/latinos-elpaisqueconstruimos.com\/en\/rsmi-pin-up-casino-sayt-809\/\" >\r\n\t\t\t\tWatch video \"\t\t\t<\/a>\r\n\t\t\t\t<\/div>\r\n\t\t\t\t<\/article>\r\n\t\t\t\t<article class=\"elementor-post elementor-grid-item post-4315 post type-post status-publish format-standard has-post-thumbnail hentry category-video-principal category-videos-galeria\">\r\n\t\t\t\t<a class=\"elementor-post__thumbnail__link\" href=\"https:\/\/latinos-elpaisqueconstruimos.com\/en\/bukele-denuncia-pandillas-buscan-sabotear-su-gobierno\/\" >\r\n\t\t\t<div class=\"elementor-post__thumbnail\"><img width=\"300\" height=\"168\" src=\"https:\/\/latinos-elpaisqueconstruimos.com\/wp-content\/uploads\/2022\/04\/CAPO-MEDELLIN-300x168.jpg\" class=\"attachment-medium size-medium\" alt=\"\" loading=\"lazy\" srcset=\"https:\/\/latinos-elpaisqueconstruimos.com\/wp-content\/uploads\/2022\/04\/CAPO-MEDELLIN-300x168.jpg 300w, https:\/\/latinos-elpaisqueconstruimos.com\/wp-content\/uploads\/2022\/04\/CAPO-MEDELLIN-1024x572.jpg 1024w, https:\/\/latinos-elpaisqueconstruimos.com\/wp-content\/uploads\/2022\/04\/CAPO-MEDELLIN-768x429.jpg 768w, https:\/\/latinos-elpaisqueconstruimos.com\/wp-content\/uploads\/2022\/04\/CAPO-MEDELLIN-18x10.jpg 18w, https:\/\/latinos-elpaisqueconstruimos.com\/wp-content\/uploads\/2022\/04\/CAPO-MEDELLIN.jpg 1276w\" sizes=\"(max-width: 300px) 100vw, 300px\" \/><\/div>\r\n\t\t<\/a>\r\n\t\t\t\t<div class=\"elementor-post__text\">\r\n\t\t\t\t<h3 class=\"elementor-post__title\">\r\n\t\t\t<a href=\"https:\/\/latinos-elpaisqueconstruimos.com\/en\/bukele-denuncia-pandillas-buscan-sabotear-su-gobierno\/\" >\r\n\t\t\t\tEmbajada Bolivia se re\u00fane con ICE para ver deportaci\u00f3n de connacionales\t\t\t<\/a>\r\n\t\t<\/h3>\r\n\t\t\t\t\t<a class=\"elementor-post__read-more\" href=\"https:\/\/latinos-elpaisqueconstruimos.com\/en\/bukele-denuncia-pandillas-buscan-sabotear-su-gobierno\/\" >\r\n\t\t\t\tWatch video \"\t\t\t<\/a>\r\n\t\t\t\t<\/div>\r\n\t\t\t\t<\/article>\r\n\t\t\t\t<article class=\"elementor-post elementor-grid-item post-4306 post type-post status-publish format-standard has-post-thumbnail hentry category-videos-galeria category-videos-destacados\">\r\n\t\t\t\t<a class=\"elementor-post__thumbnail__link\" href=\"https:\/\/latinos-elpaisqueconstruimos.com\/en\/aprueban-extradicion-de-narco-colombiano-a-eeuu\/\" >\r\n\t\t\t<div class=\"elementor-post__thumbnail\"><img width=\"300\" height=\"170\" src=\"https:\/\/latinos-elpaisqueconstruimos.com\/wp-content\/uploads\/2022\/04\/asassssssssssssssssssssssssssssssss-300x170.jpg\" class=\"attachment-medium size-medium\" alt=\"\" loading=\"lazy\" srcset=\"https:\/\/latinos-elpaisqueconstruimos.com\/wp-content\/uploads\/2022\/04\/asassssssssssssssssssssssssssssssss-300x170.jpg 300w, https:\/\/latinos-elpaisqueconstruimos.com\/wp-content\/uploads\/2022\/04\/asassssssssssssssssssssssssssssssss.jpg 529w\" sizes=\"(max-width: 300px) 100vw, 300px\" \/><\/div>\r\n\t\t<\/a>\r\n\t\t\t\t<div class=\"elementor-post__text\">\r\n\t\t\t\t<h3 class=\"elementor-post__title\">\r\n\t\t\t<a href=\"https:\/\/latinos-elpaisqueconstruimos.com\/en\/aprueban-extradicion-de-narco-colombiano-a-eeuu\/\" >\r\n\t\t\t\tCENAES en campa\u00f1a para seguir ense\u00f1ando espa\u00f1ol en EEUU\t\t\t<\/a>\r\n\t\t<\/h3>\r\n\t\t\t\t\t<a class=\"elementor-post__read-more\" href=\"https:\/\/latinos-elpaisqueconstruimos.com\/en\/aprueban-extradicion-de-narco-colombiano-a-eeuu\/\" >\r\n\t\t\t\tWatch video \"\t\t\t<\/a>\r\n\t\t\t\t<\/div>\r\n\t\t\t\t<\/article>\r\n\t\t\t\t<article class=\"elementor-post elementor-grid-item post-4295 post type-post status-publish format-standard has-post-thumbnail hentry category-videos-destacados category-videos-galeria\">\r\n\t\t\t\t<a class=\"elementor-post__thumbnail__link\" href=\"https:\/\/latinos-elpaisqueconstruimos.com\/en\/css-best-templates\/\" >\r\n\t\t\t<div class=\"elementor-post__thumbnail\"><img width=\"300\" height=\"170\" src=\"https:\/\/latinos-elpaisqueconstruimos.com\/wp-content\/uploads\/2022\/04\/11111111111111111111-300x170.jpg\" class=\"attachment-medium size-medium\" alt=\"\" loading=\"lazy\" srcset=\"https:\/\/latinos-elpaisqueconstruimos.com\/wp-content\/uploads\/2022\/04\/11111111111111111111-300x170.jpg 300w, https:\/\/latinos-elpaisqueconstruimos.com\/wp-content\/uploads\/2022\/04\/11111111111111111111.jpg 529w\" sizes=\"(max-width: 300px) 100vw, 300px\" \/><\/div>\r\n\t\t<\/a>\r\n\t\t\t\t<div class=\"elementor-post__text\">\r\n\t\t\t\t<h3 class=\"elementor-post__title\">\r\n\t\t\t<a href=\"https:\/\/latinos-elpaisqueconstruimos.com\/en\/css-best-templates\/\" >\r\n\t\t\t\tLanzamiento Festival Internacional de la Canci\u00f3n\t\t\t<\/a>\r\n\t\t<\/h3>\r\n\t\t\t\t\t<a class=\"elementor-post__read-more\" href=\"https:\/\/latinos-elpaisqueconstruimos.com\/en\/css-best-templates\/\" >\r\n\t\t\t\tWatch video \"\t\t\t<\/a>\r\n\t\t\t\t<\/div>\r\n\t\t\t\t<\/article>\r\n\t\t\t\t<article class=\"elementor-post elementor-grid-item post-3879 post type-post status-publish format-standard has-post-thumbnail hentry category-videos-galeria category-video-principal\">\r\n\t\t\t\t<a class=\"elementor-post__thumbnail__link\" href=\"https:\/\/latinos-elpaisqueconstruimos.com\/en\/democratas-pierden-popularidad-y-administracion-biden-se-cuestiona\/\" >\r\n\t\t\t<div class=\"elementor-post__thumbnail\"><img width=\"300\" height=\"170\" src=\"https:\/\/latinos-elpaisqueconstruimos.com\/wp-content\/uploads\/2021\/11\/XXXXXXXXXXXXXXXXXXXXXXXX-300x170.jpg\" class=\"attachment-medium size-medium\" alt=\"\" loading=\"lazy\" srcset=\"https:\/\/latinos-elpaisqueconstruimos.com\/wp-content\/uploads\/2021\/11\/XXXXXXXXXXXXXXXXXXXXXXXX-300x170.jpg 300w, https:\/\/latinos-elpaisqueconstruimos.com\/wp-content\/uploads\/2021\/11\/XXXXXXXXXXXXXXXXXXXXXXXX.jpg 529w\" sizes=\"(max-width: 300px) 100vw, 300px\" \/><\/div>\r\n\t\t<\/a>\r\n\t\t\t\t<div class=\"elementor-post__text\">\r\n\t\t\t\t<h3 class=\"elementor-post__title\">\r\n\t\t\t<a href=\"https:\/\/latinos-elpaisqueconstruimos.com\/en\/democratas-pierden-popularidad-y-administracion-biden-se-cuestiona\/\" >\r\n\t\t\t\tRusia bombardea Ucrania y Putin advierte a pa\u00edses\t\t\t<\/a>\r\n\t\t<\/h3>\r\n\t\t\t\t\t<a class=\"elementor-post__read-more\" href=\"https:\/\/latinos-elpaisqueconstruimos.com\/en\/democratas-pierden-popularidad-y-administracion-biden-se-cuestiona\/\" >\r\n\t\t\t\tWatch video \"\t\t\t<\/a>\r\n\t\t\t\t<\/div>\r\n\t\t\t\t<\/article>\r\n\t\t\t\t<article class=\"elementor-post elementor-grid-item post-3664 post type-post status-publish format-standard has-post-thumbnail hentry category-videos-galeria category-video-principal\">\r\n\t\t\t\t<a class=\"elementor-post__thumbnail__link\" href=\"https:\/\/latinos-elpaisqueconstruimos.com\/en\/biden-busca-salvar-programa-migrante-daca\/\" >\r\n\t\t\t<div class=\"elementor-post__thumbnail\"><img width=\"300\" height=\"169\" src=\"https:\/\/latinos-elpaisqueconstruimos.com\/wp-content\/uploads\/2021\/09\/banner-latinos-300x169.jpg\" class=\"attachment-medium size-medium\" alt=\"\" loading=\"lazy\" srcset=\"https:\/\/latinos-elpaisqueconstruimos.com\/wp-content\/uploads\/2021\/09\/banner-latinos-300x169.jpg 300w, https:\/\/latinos-elpaisqueconstruimos.com\/wp-content\/uploads\/2021\/09\/banner-latinos.jpg 529w\" sizes=\"(max-width: 300px) 100vw, 300px\" \/><\/div>\r\n\t\t<\/a>\r\n\t\t\t\t<div class=\"elementor-post__text\">\r\n\t\t\t\t<h3 class=\"elementor-post__title\">\r\n\t\t\t<a href=\"https:\/\/latinos-elpaisqueconstruimos.com\/en\/biden-busca-salvar-programa-migrante-daca\/\" >\r\n\t\t\t\tBiden busca salvar programa migrante DACA\t\t\t<\/a>\r\n\t\t<\/h3>\r\n\t\t\t\t\t<a class=\"elementor-post__read-more\" href=\"https:\/\/latinos-elpaisqueconstruimos.com\/en\/biden-busca-salvar-programa-migrante-daca\/\" >\r\n\t\t\t\tWatch video \"\t\t\t<\/a>\r\n\t\t\t\t<\/div>\r\n\t\t\t\t<\/article>\r\n\t\t\t\t<article class=\"elementor-post elementor-grid-item post-3645 post type-post status-publish format-standard has-post-thumbnail hentry category-videos-galeria category-videos-destacados\">\r\n\t\t\t\t<a class=\"elementor-post__thumbnail__link\" href=\"https:\/\/latinos-elpaisqueconstruimos.com\/en\/gobierno-de-fairfax-dara-asistencia-economica-a-afectados-por-la-pandemia\/\" >\r\n\t\t\t<div class=\"elementor-post__thumbnail\"><img width=\"300\" height=\"170\" src=\"https:\/\/latinos-elpaisqueconstruimos.com\/wp-content\/uploads\/2021\/09\/asasdasdasdas-300x170.jpg\" class=\"attachment-medium size-medium\" alt=\"\" loading=\"lazy\" srcset=\"https:\/\/latinos-elpaisqueconstruimos.com\/wp-content\/uploads\/2021\/09\/asasdasdasdas-300x170.jpg 300w, https:\/\/latinos-elpaisqueconstruimos.com\/wp-content\/uploads\/2021\/09\/asasdasdasdas.jpg 529w\" sizes=\"(max-width: 300px) 100vw, 300px\" \/><\/div>\r\n\t\t<\/a>\r\n\t\t\t\t<div class=\"elementor-post__text\">\r\n\t\t\t\t<h3 class=\"elementor-post__title\">\r\n\t\t\t<a href=\"https:\/\/latinos-elpaisqueconstruimos.com\/en\/gobierno-de-fairfax-dara-asistencia-economica-a-afectados-por-la-pandemia\/\" >\r\n\t\t\t\tAlex Zunca y su aporte a la comunidad hispana\t\t\t<\/a>\r\n\t\t<\/h3>\r\n\t\t\t\t\t<a class=\"elementor-post__read-more\" href=\"https:\/\/latinos-elpaisqueconstruimos.com\/en\/gobierno-de-fairfax-dara-asistencia-economica-a-afectados-por-la-pandemia\/\" >\r\n\t\t\t\tWatch video \"\t\t\t<\/a>\r\n\t\t\t\t<\/div>\r\n\t\t\t\t<\/article>\r\n\t\t\t\t<article class=\"elementor-post elementor-grid-item post-3639 post type-post status-publish format-standard has-post-thumbnail hentry category-videos-galeria category-videos-destacados\">\r\n\t\t\t\t<a class=\"elementor-post__thumbnail__link\" href=\"https:\/\/latinos-elpaisqueconstruimos.com\/en\/nasa-detecta-temblor-en-marte\/\" >\r\n\t\t\t<div class=\"elementor-post__thumbnail\"><img width=\"300\" height=\"170\" src=\"https:\/\/latinos-elpaisqueconstruimos.com\/wp-content\/uploads\/2021\/09\/55555555-300x170.jpg\" class=\"attachment-medium size-medium\" alt=\"\" loading=\"lazy\" srcset=\"https:\/\/latinos-elpaisqueconstruimos.com\/wp-content\/uploads\/2021\/09\/55555555-300x170.jpg 300w, https:\/\/latinos-elpaisqueconstruimos.com\/wp-content\/uploads\/2021\/09\/55555555.jpg 529w\" sizes=\"(max-width: 300px) 100vw, 300px\" \/><\/div>\r\n\t\t<\/a>\r\n\t\t\t\t<div class=\"elementor-post__text\">\r\n\t\t\t\t<h3 class=\"elementor-post__title\">\r\n\t\t\t<a href=\"https:\/\/latinos-elpaisqueconstruimos.com\/en\/nasa-detecta-temblor-en-marte\/\" >\r\n\t\t\t\t\u00abPassport DC 2022\u00bb En la embajada de Bolivia en Washington DC\t\t\t<\/a>\r\n\t\t<\/h3>\r\n\t\t\t\t\t<a class=\"elementor-post__read-more\" href=\"https:\/\/latinos-elpaisqueconstruimos.com\/en\/nasa-detecta-temblor-en-marte\/\" >\r\n\t\t\t\tWatch video \"\t\t\t<\/a>\r\n\t\t\t\t<\/div>\r\n\t\t\t\t<\/article>\r\n\t\t\t\t<article class=\"elementor-post elementor-grid-item post-3632 post type-post status-publish format-standard has-post-thumbnail hentry category-videos-galeria category-videos-destacados\">\r\n\t\t\t\t<a class=\"elementor-post__thumbnail__link\" href=\"https:\/\/latinos-elpaisqueconstruimos.com\/en\/volcan-de-fuego-entra-en-erupcion-en-guatemala\/\" >\r\n\t\t\t<div class=\"elementor-post__thumbnail\"><img width=\"300\" height=\"170\" src=\"https:\/\/latinos-elpaisqueconstruimos.com\/wp-content\/uploads\/2021\/09\/2-11-300x170.jpg\" class=\"attachment-medium size-medium\" alt=\"\" loading=\"lazy\" srcset=\"https:\/\/latinos-elpaisqueconstruimos.com\/wp-content\/uploads\/2021\/09\/2-11-300x170.jpg 300w, https:\/\/latinos-elpaisqueconstruimos.com\/wp-content\/uploads\/2021\/09\/2-11.jpg 529w\" sizes=\"(max-width: 300px) 100vw, 300px\" \/><\/div>\r\n\t\t<\/a>\r\n\t\t\t\t<div class=\"elementor-post__text\">\r\n\t\t\t\t<h3 class=\"elementor-post__title\">\r\n\t\t\t<a href=\"https:\/\/latinos-elpaisqueconstruimos.com\/en\/volcan-de-fuego-entra-en-erupcion-en-guatemala\/\" >\r\n\t\t\t\tConsulado de Bolivia en Washington DC cambia de sede\t\t\t<\/a>\r\n\t\t<\/h3>\r\n\t\t\t\t\t<a class=\"elementor-post__read-more\" href=\"https:\/\/latinos-elpaisqueconstruimos.com\/en\/volcan-de-fuego-entra-en-erupcion-en-guatemala\/\" >\r\n\t\t\t\tWatch video \"\t\t\t<\/a>\r\n\t\t\t\t<\/div>\r\n\t\t\t\t<\/article>\r\n\t\t\t\t<\/div>\r\n\t\t\t\t<nav class=\"elementor-pagination\" role=\"navigation\" aria-label=\"Pagination\">\r\n\t\t\t<span class=\"page-numbers prev\">&laquo; Anterior<\/span>\n<span aria-current=\"page\" class=\"page-numbers current\"><span class=\"elementor-screen-only\">Page<\/span>1<\/span>\n<a class=\"page-numbers\" href=\"https:\/\/latinos-elpaisqueconstruimos.com\/en\/wp-json\/wp\/v2\/pages\/447\/page\/2\/\"><span class=\"elementor-screen-only\">Page<\/span>2<\/a>\n<a class=\"page-numbers\" href=\"https:\/\/latinos-elpaisqueconstruimos.com\/en\/wp-json\/wp\/v2\/pages\/447\/page\/3\/\"><span class=\"elementor-screen-only\">Page<\/span>3<\/a>\n<a class=\"page-numbers\" href=\"https:\/\/latinos-elpaisqueconstruimos.com\/en\/wp-json\/wp\/v2\/pages\/447\/page\/4\/\"><span class=\"elementor-screen-only\">Page<\/span>4<\/a>\n<a class=\"page-numbers\" href=\"https:\/\/latinos-elpaisqueconstruimos.com\/en\/wp-json\/wp\/v2\/pages\/447\/page\/5\/\"><span class=\"elementor-screen-only\">Page<\/span>5<\/a>\n<a class=\"page-numbers next\" href=\"https:\/\/latinos-elpaisqueconstruimos.com\/en\/wp-json\/wp\/v2\/pages\/447\/page\/2\/\">Siguiente &raquo;<\/a>\t\t<\/nav>\r\n\t\t\t\t<\/div>\n\t\t\t\t<\/div>\n\t\t\t\t\t\t<\/div>\n\t\t\t\t\t<\/div>\n\t\t<\/div>\n\t\t\t\t\t\t\t\t<\/div>\n\t\t\t\t\t<\/div>\n\t\t<\/section>\n\t\t\t\t\t\t<\/div>\n\t\t\t\t\t\t<\/div>\n\t\t\t\t\t<\/div>","protected":false},"excerpt":{"rendered":"","protected":false},"author":1,"featured_media":683,"parent":0,"menu_order":0,"comment_status":"closed","ping_status":"closed","template":"elementor_header_footer","meta":[],"_links":{"self":[{"href":"https:\/\/latinos-elpaisqueconstruimos.com\/en\/wp-json\/wp\/v2\/pages\/447"}],"collection":[{"href":"https:\/\/latinos-elpaisqueconstruimos.com\/en\/wp-json\/wp\/v2\/pages"}],"about":[{"href":"https:\/\/latinos-elpaisqueconstruimos.com\/en\/wp-json\/wp\/v2\/types\/page"}],"author":[{"embeddable":true,"href":"https:\/\/latinos-elpaisqueconstruimos.com\/en\/wp-json\/wp\/v2\/users\/1"}],"replies":[{"embeddable":true,"href":"https:\/\/latinos-elpaisqueconstruimos.com\/en\/wp-json\/wp\/v2\/comments?post=447"}],"version-history":[{"count":37,"href":"https:\/\/latinos-elpaisqueconstruimos.com\/en\/wp-json\/wp\/v2\/pages\/447\/revisions"}],"predecessor-version":[{"id":2114,"href":"https:\/\/latinos-elpaisqueconstruimos.com\/en\/wp-json\/wp\/v2\/pages\/447\/revisions\/2114"}],"wp:featuredmedia":[{"embeddable":true,"href":"https:\/\/latinos-elpaisqueconstruimos.com\/en\/wp-json\/wp\/v2\/media\/683"}],"wp:attachment":[{"href":"https:\/\/latinos-elpaisqueconstruimos.com\/en\/wp-json\/wp\/v2\/media?parent=447"}],"curies":[{"name":"wp","href":"https:\/\/api.w.org\/{rel}","templated":true}]}}